{"id":490,"date":"2022-12-19T02:30:10","date_gmt":"2022-12-19T02:30:10","guid":{"rendered":"https:\/\/gaviaspreview.com\/wp\/gowilds\/?page_id=27"},"modified":"2022-12-19T02:30:10","modified_gmt":"2022-12-19T02:30:10","slug":"news","status":"publish","type":"page","link":"https:\/\/10kwalk.com\/en\/news\/","title":{"rendered":"News 01"},"content":{"rendered":"<div data-elementor-type=\"wp-page\" data-elementor-id=\"490\" class=\"elementor elementor-490\" data-elementor-post-type=\"page\">\n\t\t\t\t\t\t<section class=\"elementor-section elementor-top-section elementor-element elementor-element-15c24e5 elementor-section-full_width elementor-section-height-default elementor-section-height-default\" data-id=\"15c24e5\" data-element_type=\"section\" data-e-type=\"section\">\n\t\t\t\t\t\t<div class=\"elementor-container elementor-column-gap-default\">\n\t\t\t\t\t<div class=\"elementor-column elementor-col-100 elementor-top-column elementor-element elementor-element-5072785\" data-id=\"5072785\" data-element_type=\"column\" data-e-type=\"column\">\n\t\t\t<div class=\"elementor-widget-wrap elementor-element-populated\">\n\t\t\t\t\t\t<div class=\"elementor-element elementor-element-c198af0 elementor-widget elementor-widget-gva_post_breadcrumb\" data-id=\"c198af0\" data-element_type=\"widget\" data-e-type=\"widget\" data-widget_type=\"gva_post_breadcrumb.default\">\n\t\t\t\t<div class=\"elementor-widget-container\">\n\t\t\t\t\t<div class=\"gva-element-gva_post_breadcrumb gva-element\">   \r\n<div class=\"post-breadcrumb\">\r\n   <div class=\"custom-breadcrumb\" >\r\n            <div class=\"breadcrumb-main\">\r\n        <div class=\"container\">\r\n          <div class=\"breadcrumb-container-inner\">\r\n            <h2 class=\"heading-title\">News 01<\/h2><ol class=\"breadcrumb\"><li><a href=\"https:\/\/10kwalk.com\/en\">Home<\/a> <\/li> <li class=\"active\">Page<\/li><\/ol>          <\/div>  \r\n        <\/div>   \r\n      <\/div>  \r\n   <\/div>\r\n<\/div>      \r\n\r\n<\/div>\t\t\t\t<\/div>\n\t\t\t\t<\/div>\n\t\t\t\t\t<\/div>\n\t\t<\/div>\n\t\t\t\t\t<\/div>\n\t\t<\/section>\n\t\t\t\t<section class=\"elementor-section elementor-top-section elementor-element elementor-element-2ac74c4 elementor-section-boxed elementor-section-height-default elementor-section-height-default\" data-id=\"2ac74c4\" data-element_type=\"section\" data-e-type=\"section\">\n\t\t\t\t\t\t<div class=\"elementor-container elementor-column-gap-default\">\n\t\t\t\t\t<div class=\"elementor-column elementor-col-100 elementor-top-column elementor-element elementor-element-2d8cdf9\" data-id=\"2d8cdf9\" data-element_type=\"column\" data-e-type=\"column\">\n\t\t\t<div class=\"elementor-widget-wrap elementor-element-populated\">\n\t\t\t\t\t\t<div class=\"elementor-element elementor-element-9678132 elementor-widget elementor-widget-gva-posts\" data-id=\"9678132\" data-element_type=\"widget\" data-e-type=\"widget\" data-widget_type=\"gva-posts.default\">\n\t\t\t\t<div class=\"elementor-widget-container\">\n\t\t\t\t\t<div class=\"gva-element-gva-posts gva-element\">  \r\n  <div class=\"gva-posts-grid clearfix gva-posts\">\r\n\t\t<div class=\"gva-content-items\"> \r\n\t\t  <div class=\"lg-block-grid-3 md-block-grid-3 sm-block-grid-2 xs-block-grid-2 xx-block-grid-1\">\r\n\t\t\t <div class=\"item-columns\"><article class=\"post-1519 post type-post status-publish format-standard has-post-thumbnail hentry category-book-review tag-elakadtal tag-konyvajanlo tag-must-read tag-olvasnivalo tag-te-magad-vagy-a-hegy tag-the-mountain-is-you--brianna-wiest tag-utazas2026\">\r\n   <div class=\"post post-one__single has-thumbnail\">\r\n      <div class=\"post-one__wrap\">\r\n         <div class=\"post-one__thumbnail\"><a href=\"https:\/\/10kwalk.com\/en\/the-mountain-is-you\/\"><img fetchpriority=\"high\" decoding=\"async\" width=\"500\" height=\"360\" src=\"https:\/\/10kwalk.com\/wp-content\/uploads\/2025\/04\/konyvajanlo-az-onszabotazsrol-500x360.jpg\" class=\"attachment-post-thumbnail size-post-thumbnail wp-post-image\" alt=\"Brianna Wiest: Te magad vagy a hegy\" \/><\/a><div class=\"entry-date\"><span class=\"date\">02<\/span><span class=\"month\">Apr<\/span><\/div><\/div>       \r\n         <div class=\"post-one__content\">\r\n            <div class=\"post-one__category\">Book Review<\/div>            <div class=\"post-one__content-inner\">\r\n               \r\n               <div class=\"post-one__meta\">\r\n                  <div class=\"clearfix meta-inline post-meta-1\"><span class=\"author vcard\"><i class=\"fas fa-user-circle\"><\/i>Teo<\/span><\/div>               <\/div> \r\n               <h3 class=\"post-one__title\"><a href=\"https:\/\/10kwalk.com\/en\/the-mountain-is-you\/\" rel=\"bookmark\">Brianna Wiest: Te magad vagy a hegy<\/a><\/h3>\r\n               <div class=\"post-one__desc\">A legnagyobb kih\u00edv\u00e1s nem a vil\u00e1g, hanem \u00f6nmagunk.<\/div>               <div class=\"post-one__bottom\">\r\n                  <a class=\"post-one__read-more\" href=\"https:\/\/10kwalk.com\/en\/the-mountain-is-you\/\">\r\n                    Read More                    <i class=\"fa-solid fa-arrow-right\"><\/i>\r\n                  <\/a>\r\n               <\/div>\r\n            <\/div>\r\n         <\/div>\r\n      <\/div>   \r\n   <\/div>   \r\n<\/article><\/div><div class=\"item-columns\"><article class=\"post-1470 post type-post status-publish format-standard has-post-thumbnail hentry category-themed-walks tag-bulowstrase-berlin tag-city-walk-berlin tag-graffiti-es-street-art-berlinben tag-urban-art-kiallitas tag-urban-nation-kortars-muveszeti-muzeum tag-urban-nation-museum-for-contemporary-art tag-urbanus-kortars-muveszet tag-utcamuveszet\">\r\n   <div class=\"post post-one__single has-thumbnail\">\r\n      <div class=\"post-one__wrap\">\r\n         <div class=\"post-one__thumbnail\"><a href=\"https:\/\/10kwalk.com\/en\/berlin-urban-museum\/\"><img decoding=\"async\" width=\"500\" height=\"360\" src=\"https:\/\/10kwalk.com\/wp-content\/uploads\/2023\/05\/Bulowstrase-500x360.jpg\" class=\"attachment-post-thumbnail size-post-thumbnail wp-post-image\" alt=\"Berlin a betonon t\u00fal: Szerelmes levelek a betonnak\" \/><\/a><div class=\"entry-date\"><span class=\"date\">20<\/span><span class=\"month\">Mar<\/span><\/div><\/div>       \r\n         <div class=\"post-one__content\">\r\n            <div class=\"post-one__category\">Themed Walks<\/div>            <div class=\"post-one__content-inner\">\r\n               \r\n               <div class=\"post-one__meta\">\r\n                  <div class=\"clearfix meta-inline post-meta-1\"><span class=\"author vcard\"><i class=\"fas fa-user-circle\"><\/i>Teo<\/span><\/div>               <\/div> \r\n               <h3 class=\"post-one__title\"><a href=\"https:\/\/10kwalk.com\/en\/berlin-urban-museum\/\" rel=\"bookmark\">Berlin a betonon t\u00fal: Szerelmes levelek a betonnak<\/a><\/h3>\r\n               <div class=\"post-one__desc\">Meg\u00e1llni \u00e9s t\u00e9nyleg megn\u00e9zni valamit: ez az igazi tartalom.<\/div>               <div class=\"post-one__bottom\">\r\n                  <a class=\"post-one__read-more\" href=\"https:\/\/10kwalk.com\/en\/berlin-urban-museum\/\">\r\n                    Read More                    <i class=\"fa-solid fa-arrow-right\"><\/i>\r\n                  <\/a>\r\n               <\/div>\r\n            <\/div>\r\n         <\/div>\r\n      <\/div>   \r\n   <\/div>   \r\n<\/article><\/div><div class=\"item-columns\"><article class=\"post-1386 post type-post status-publish format-standard has-post-thumbnail hentry category-discovery-walks tag-medina tag-fedezd-fel-marokkot tag-hiddenmarrakech tag-marrakes tag-off-tourist-marrakesh tag-solo-utazas-marokko\">\r\n   <div class=\"post post-one__single has-thumbnail\">\r\n      <div class=\"post-one__wrap\">\r\n         <div class=\"post-one__thumbnail\"><a href=\"https:\/\/10kwalk.com\/en\/marrakesh-is-a-digital-nomad-paradise\/\"><img decoding=\"async\" width=\"500\" height=\"360\" src=\"https:\/\/10kwalk.com\/wp-content\/uploads\/2024\/12\/marrakes_gen-z-500x360.jpg\" class=\"attachment-post-thumbnail size-post-thumbnail wp-post-image\" alt=\"Mi\u00e9rt akar most mindenki Marr\u00e1kesbe menni?\" \/><\/a><div class=\"entry-date\"><span class=\"date\">19<\/span><span class=\"month\">Nov<\/span><\/div><\/div>       \r\n         <div class=\"post-one__content\">\r\n            <div class=\"post-one__category\">Discovery Walks<\/div>            <div class=\"post-one__content-inner\">\r\n               \r\n               <div class=\"post-one__meta\">\r\n                  <div class=\"clearfix meta-inline post-meta-1\"><span class=\"author vcard\"><i class=\"fas fa-user-circle\"><\/i>Teo<\/span><\/div>               <\/div> \r\n               <h3 class=\"post-one__title\"><a href=\"https:\/\/10kwalk.com\/en\/marrakesh-is-a-digital-nomad-paradise\/\" rel=\"bookmark\">Mi\u00e9rt akar most mindenki Marr\u00e1kesbe menni?<\/a><\/h3>\r\n               <div class=\"post-one__desc\">Mert ez a v\u00e1ros egyszer\u0171en beszippant. Digit\u00e1lis nom\u00e1dok a riadok tet\u0151terasz\u00e1n, vintage sneakeres fiatalok, elektromos<\/div>               <div class=\"post-one__bottom\">\r\n                  <a class=\"post-one__read-more\" href=\"https:\/\/10kwalk.com\/en\/marrakesh-is-a-digital-nomad-paradise\/\">\r\n                    Read More                    <i class=\"fa-solid fa-arrow-right\"><\/i>\r\n                  <\/a>\r\n               <\/div>\r\n            <\/div>\r\n         <\/div>\r\n      <\/div>   \r\n   <\/div>   \r\n<\/article><\/div><div class=\"item-columns\"><article class=\"post-1558 post type-post status-publish format-standard has-post-thumbnail hentry category-uncategorized-en tag-camino-de-santiago tag-camino-frances-800-km tag-pilgrimage tag-rural-spain tag-spiritual-journey tag-the-camino-family tag-walking-northern-spain\">\r\n   <div class=\"post post-one__single has-thumbnail\">\r\n      <div class=\"post-one__wrap\">\r\n         <div class=\"post-one__thumbnail\"><a href=\"https:\/\/10kwalk.com\/en\/the-camino-mindset-shift-2\/\"><img loading=\"lazy\" decoding=\"async\" width=\"500\" height=\"360\" src=\"https:\/\/10kwalk.com\/wp-content\/uploads\/2024\/10\/camino-meseje-1-500x360.jpg\" class=\"attachment-post-thumbnail size-post-thumbnail wp-post-image\" alt=\"A szabads\u00e1g s\u00falya: mit pakolj a teljes Camin\u00f3ra\" \/><\/a><div class=\"entry-date\"><span class=\"date\">01<\/span><span class=\"month\">Oct<\/span><\/div><\/div>       \r\n         <div class=\"post-one__content\">\r\n            <div class=\"post-one__category\">Uncategorized<\/div>            <div class=\"post-one__content-inner\">\r\n               \r\n               <div class=\"post-one__meta\">\r\n                  <div class=\"clearfix meta-inline post-meta-1\"><span class=\"author vcard\"><i class=\"fas fa-user-circle\"><\/i>Teo<\/span><\/div>               <\/div> \r\n               <h3 class=\"post-one__title\"><a href=\"https:\/\/10kwalk.com\/en\/the-camino-mindset-shift-2\/\" rel=\"bookmark\">A szabads\u00e1g s\u00falya: mit pakolj a teljes Camin\u00f3ra<\/a><\/h3>\r\n               <div class=\"post-one__desc\">Camino-pakol\u00e1s: Kevesebb s\u00faly, t\u00f6bb szabads\u00e1g<\/div>               <div class=\"post-one__bottom\">\r\n                  <a class=\"post-one__read-more\" href=\"https:\/\/10kwalk.com\/en\/the-camino-mindset-shift-2\/\">\r\n                    Read More                    <i class=\"fa-solid fa-arrow-right\"><\/i>\r\n                  <\/a>\r\n               <\/div>\r\n            <\/div>\r\n         <\/div>\r\n      <\/div>   \r\n   <\/div>   \r\n<\/article><\/div><div class=\"item-columns\"><article class=\"post-82 post type-post status-publish format-standard has-post-thumbnail hentry category-journey tag-camino-de-santiago tag-camino-frances-800-km tag-pilgrimage tag-rural-spain tag-spiritual-journey tag-the-camino-family tag-walking-northern-spain\">\r\n   <div class=\"post post-one__single has-thumbnail\">\r\n      <div class=\"post-one__wrap\">\r\n         <div class=\"post-one__thumbnail\"><a href=\"https:\/\/10kwalk.com\/en\/the-camino-mindset-shift\/\"><img loading=\"lazy\" decoding=\"async\" width=\"500\" height=\"360\" src=\"https:\/\/10kwalk.com\/wp-content\/uploads\/2024\/12\/camino-meseje-1-500x360.jpg\" class=\"attachment-post-thumbnail size-post-thumbnail wp-post-image\" alt=\"Gy\u00e1sz \u00e9s \u00faj \u00f6r\u00f6m\u00f6k: 800 km alatt minden megv\u00e1ltozott a Camin\u00f3n\" \/><\/a><div class=\"entry-date\"><span class=\"date\">01<\/span><span class=\"month\">Oct<\/span><\/div><\/div>       \r\n         <div class=\"post-one__content\">\r\n            <div class=\"post-one__category\">Journey<\/div>            <div class=\"post-one__content-inner\">\r\n               \r\n               <div class=\"post-one__meta\">\r\n                  <div class=\"clearfix meta-inline post-meta-1\"><span class=\"author vcard\"><i class=\"fas fa-user-circle\"><\/i>Teo<\/span><\/div>               <\/div> \r\n               <h3 class=\"post-one__title\"><a href=\"https:\/\/10kwalk.com\/en\/the-camino-mindset-shift\/\" rel=\"bookmark\">Gy\u00e1sz \u00e9s \u00faj \u00f6r\u00f6m\u00f6k: 800 km alatt minden megv\u00e1ltozott a Camin\u00f3n<\/a><\/h3>\r\n               <div class=\"post-one__desc\">Nem volt nagy tervem, csak elindultam, mert valami kapaszkod\u00f3ra volt sz\u00fcks\u00e9gem anyuk\u00e1m hal\u00e1la ut\u00e1n.<\/div>               <div class=\"post-one__bottom\">\r\n                  <a class=\"post-one__read-more\" href=\"https:\/\/10kwalk.com\/en\/the-camino-mindset-shift\/\">\r\n                    Read More                    <i class=\"fa-solid fa-arrow-right\"><\/i>\r\n                  <\/a>\r\n               <\/div>\r\n            <\/div>\r\n         <\/div>\r\n      <\/div>   \r\n   <\/div>   \r\n<\/article><\/div><div class=\"item-columns\"><article class=\"post-81 post type-post status-publish format-standard has-post-thumbnail hentry category-lifestyle tag-digital-nomad tag-digitalis-nomad-elet tag-elet-las-palmasban tag-eletmodvaltas tag-gran-canaria tag-slow-travel tag-travels tag-ujrakezdes tag-utazas2026\">\r\n   <div class=\"post post-one__single has-thumbnail\">\r\n      <div class=\"post-one__wrap\">\r\n         <div class=\"post-one__thumbnail\"><a href=\"https:\/\/10kwalk.com\/en\/restart-in-the-canary-islands\/\"><img loading=\"lazy\" decoding=\"async\" width=\"500\" height=\"360\" src=\"https:\/\/10kwalk.com\/wp-content\/uploads\/2022\/12\/El-confital_mindful-500x360.jpg\" class=\"attachment-post-thumbnail size-post-thumbnail wp-post-image\" alt=\"\u00c9let Gran Canari\u00e1n: ez\u00e9rt nem akarsz t\u00f6bb\u00e9 nyaralni menni\" \/><\/a><div class=\"entry-date\"><span class=\"date\">19<\/span><span class=\"month\">May<\/span><\/div><\/div>       \r\n         <div class=\"post-one__content\">\r\n            <div class=\"post-one__category\">Lifestyle<\/div>            <div class=\"post-one__content-inner\">\r\n               \r\n               <div class=\"post-one__meta\">\r\n                  <div class=\"clearfix meta-inline post-meta-1\"><span class=\"author vcard\"><i class=\"fas fa-user-circle\"><\/i>Teo<\/span><\/div>               <\/div> \r\n               <h3 class=\"post-one__title\"><a href=\"https:\/\/10kwalk.com\/en\/restart-in-the-canary-islands\/\" rel=\"bookmark\">\u00c9let Gran Canari\u00e1n: ez\u00e9rt nem akarsz t\u00f6bb\u00e9 nyaralni menni<\/a><\/h3>\r\n               <div class=\"post-one__desc\">\u00c9let Gran Canari\u00e1n: ez\u00e9rt nem akarsz t\u00f6bb\u00e9 nyaralni menni.<\/div>               <div class=\"post-one__bottom\">\r\n                  <a class=\"post-one__read-more\" href=\"https:\/\/10kwalk.com\/en\/restart-in-the-canary-islands\/\">\r\n                    Read More                    <i class=\"fa-solid fa-arrow-right\"><\/i>\r\n                  <\/a>\r\n               <\/div>\r\n            <\/div>\r\n         <\/div>\r\n      <\/div>   \r\n   <\/div>   \r\n<\/article><\/div>\t\t  <\/div>\r\n\t\t<\/div>\r\n\t\t\t\t\t <div class=\"pagination\">\r\n\t\t\t\t  <div class=\"column one pager_wrapper\"><div class=\"pager\"><div class=\"paginations\"><a href=\"https:\/\/10kwalk.com\/en\/wp-json\/wp\/v2\/pages\/490\/\" class=\"page-item active\">1<\/a><a href=\"https:\/\/10kwalk.com\/en\/wp-json\/wp\/v2\/pages\/490\/page\/2\/\" class=\"page-item\">2<\/a><a class=\"next_page\" href=\"https:\/\/10kwalk.com\/en\/wp-json\/wp\/v2\/pages\/490\/page\/2\/\"><i class=\"fas fa-chevron-right\"><\/i><\/a><\/div><\/div><\/div>\n\t\t\t <\/div>\r\n\t\t  <\/div>\r\n  <\/div>\t\t\t\t<\/div>\n\t\t\t\t<\/div>\n\t\t\t\t\t<\/div>\n\t\t<\/div>\n\t\t\t\t\t<\/div>\n\t\t<\/section>\n\t\t\t\t<section class=\"elementor-section elementor-top-section elementor-element elementor-element-b6b9d89 elementor-section-boxed elementor-section-height-default elementor-section-height-default\" data-id=\"b6b9d89\" data-element_type=\"section\" data-e-type=\"section\" data-settings=\"{&quot;background_background&quot;:&quot;classic&quot;}\">\n\t\t\t\t\t\t<div class=\"elementor-container elementor-column-gap-default\">\n\t\t\t\t\t<div class=\"elementor-column elementor-col-50 elementor-top-column elementor-element elementor-element-b19d260\" data-id=\"b19d260\" data-element_type=\"column\" data-e-type=\"column\">\n\t\t\t<div class=\"elementor-widget-wrap elementor-element-populated\">\n\t\t\t\t\t\t<div class=\"elementor-element elementor-element-7efdfef elementor-position-inline-start icon-box-left elementor-view-default elementor-mobile-position-block-start elementor-widget elementor-widget-icon-box\" data-id=\"7efdfef\" data-element_type=\"widget\" data-e-type=\"widget\" data-widget_type=\"icon-box.default\">\n\t\t\t\t\t\t\t<div class=\"elementor-icon-box-wrapper\">\n\n\t\t\t\t\t\t<div class=\"elementor-icon-box-icon\">\n\t\t\t\t<span  class=\"elementor-icon\">\n\t\t\t\t<i aria-hidden=\"true\" class=\"gwflaticon-travel\"><\/i>\t\t\t\t<\/span>\n\t\t\t<\/div>\n\t\t\t\n\t\t\t\t\t\t<div class=\"elementor-icon-box-content\">\n\n\t\t\t\t\t\t\t\t\t<h3 class=\"elementor-icon-box-title\">\n\t\t\t\t\t\t<span  >\n\t\t\t\t\t\t\tQUISEQUE VEL ORTOR\t\t\t\t\t\t<\/span>\n\t\t\t\t\t<\/h3>\n\t\t\t\t\n\t\t\t\t\t\t\t\t\t<p class=\"elementor-icon-box-description\">\n\t\t\t\t\t\tReady to adventure and enjoy natural\t\t\t\t\t<\/p>\n\t\t\t\t\n\t\t\t<\/div>\n\t\t\t\n\t\t<\/div>\n\t\t\t\t\t\t<\/div>\n\t\t\t\t\t<\/div>\n\t\t<\/div>\n\t\t\t\t<div class=\"elementor-column elementor-col-50 elementor-top-column elementor-element elementor-element-adb556c\" data-id=\"adb556c\" data-element_type=\"column\" data-e-type=\"column\">\n\t\t\t<div class=\"elementor-widget-wrap elementor-element-populated\">\n\t\t\t\t\t\t<div class=\"elementor-element elementor-element-6389af6 elementor-widget__width-auto elementor-widget elementor-widget-html\" data-id=\"6389af6\" data-element_type=\"widget\" data-e-type=\"widget\" data-widget_type=\"html.default\">\n\t\t\t\t\t<a class=\"btn-white\" href=\"https:\/\/gaviaspreview.com\/wp\/gowilds\/tours-page\/\">\n    Explore More\n<\/a>\t\t\t\t<\/div>\n\t\t\t\t\t<\/div>\n\t\t<\/div>\n\t\t\t\t\t<\/div>\n\t\t<\/section>\n\t\t\t\t<\/div>","protected":false},"excerpt":{"rendered":"<p>The 8 best things about insurance Home 19Dec Adventure admin0 Comments The quality role of the life insurance in company There are many variations of but the majority have simply [&hellip;]<\/p>\n","protected":false},"author":1,"featured_media":0,"parent":0,"menu_order":0,"comment_status":"closed","ping_status":"closed","template":"","meta":{"_acf_changed":false,"footnotes":""},"class_list":["post-490","page","type-page","status-publish","hentry"],"acf":[],"aioseo_notices":[],"_links":{"self":[{"href":"https:\/\/10kwalk.com\/en\/wp-json\/wp\/v2\/pages\/490","targetHints":{"allow":["GET"]}}],"collection":[{"href":"https:\/\/10kwalk.com\/en\/wp-json\/wp\/v2\/pages"}],"about":[{"href":"https:\/\/10kwalk.com\/en\/wp-json\/wp\/v2\/types\/page"}],"author":[{"embeddable":true,"href":"https:\/\/10kwalk.com\/en\/wp-json\/wp\/v2\/users\/1"}],"replies":[{"embeddable":true,"href":"https:\/\/10kwalk.com\/en\/wp-json\/wp\/v2\/comments?post=490"}],"version-history":[{"count":0,"href":"https:\/\/10kwalk.com\/en\/wp-json\/wp\/v2\/pages\/490\/revisions"}],"wp:attachment":[{"href":"https:\/\/10kwalk.com\/en\/wp-json\/wp\/v2\/media?parent=490"}],"curies":[{"name":"wp","href":"https:\/\/api.w.org\/{rel}","templated":true}]}}